{"id":9,"date":"2018-05-24T22:29:56","date_gmt":"2018-05-24T22:29:56","guid":{"rendered":"https:\/\/ers-computer.de\/?page_id=9"},"modified":"2025-10-21T03:02:49","modified_gmt":"2025-10-21T01:02:49","slug":"ueber-mich","status":"publish","type":"page","link":"https:\/\/www.ers-computer.de\/index.php\/ueber-mich\/","title":{"rendered":"\u00dcber uns"},"content":{"rendered":"<p>ERS Computer wurde im Februar 1991 in Netphen-Dreis-Tiefenbach gegr\u00fcndet. Im Mai 1995 zogen wir in ein Ladenlokal in Siegen-Weidenau um. Unser Angebot richtete sich mit dem Vertrieb von PC-Systemen und Zubeh\u00f6r anfangs vorwiegend an Studenten der naheliegenden Universit\u00e4t Siegen.<br \/>\nBereits im Laufe des ersten Jahres kamen erste lokale Unternehmen und einige Institute der Universit\u00e4t Siegen (damals noch Gesamthochschule) hinzu.<br \/>\nBereits 1996 stieg die Nachfrage lokaler Unternehmen zunehmend und zum reinen Hardware-Vertrieb kamen die Installation von Netzwerktechnik, Vertrieb von Sicherheitssoftware und das Angebot der Dienstleistungen hinzu. Gegen Ende des Jahres zogen wir ins Technologiezentrum in Siegen Geisweid um. Industriekunden wurden zur Hauptzielgruppe des Unternehmens.<\/p>\n<p>Nach der Jahrtausendwende wurde ERS Computer zunehmend f\u00fcr Projekte im Veranstaltungsbereich angefragt und es entstand eine Kooperation mit einer Unternehmensberatung. Aus einem gemeinsam entwickelten Konzept entstand in 2002 die Infotag Projektgesellschaft, die u.a. Info-Veranstaltungen im Gesundheitsbereich konzipierte und bundesweit gemeinsam mit lokalen Partnern durchf\u00fchrte. Neben den Veranstaltungen geh\u00f6rten bald auch Werbeproduktionen und Internetseitengestaltung zu den Angeboten der Infotag-Projektgesellschaft.<br \/>\nMitte 2007 verlie\u00df Michael Coumann das Siegerland und f\u00fchrt seither sein Unternehmen in Wuppertal fort. Gestaltung und Hosting von Internetpr\u00e4senzen sowie die Betreuung von lokalen und virtuellen Unternehmen geh\u00f6ren inzwischen zum Angebotsportfolio. Diese beraten wir bei der Beschaffung von Hard- und Software-L\u00f6sungen sowie Telekommunikationsanlagen, Telefonen und Mobilger\u00e4ten, die auf Ihre Anforderungen ma\u00dfgeschneidert sind. Mobile Kommunikation und Konferenzen haben uns er Leben erobert. ERS-Computer ber\u00e4t bei der Auswahl der dazu notwendigen Technik. Heute arbeiten viele Menschen an Orten wo man vor 30 Jahren lediglich Urlaub machte, ohne jedoch auf den Komfort des modernen B\u00fcros verzichten zu m\u00fcssen. Der bereits 1998 gestartete Vertrieb von ESET-Sicherheitssoftware ist noch heute Bestandteil des Vertriebsprogramms.<\/p>\n<p>&nbsp;<\/p>\n","protected":false},"excerpt":{"rendered":"<p>ERS Computer wurde im Februar 1991 in Netphen-Dreis-Tiefenbach gegr\u00fcndet. Im Mai 1995 zogen wir in ein Ladenlokal in Siegen-Weidenau um. Unser Angebot richtete sich mit dem Vertrieb von PC-Systemen und Zubeh\u00f6r anfangs vorwiegend an Studenten der naheliegenden Universit\u00e4t Siegen. Bereits im Laufe des ersten Jahres kamen erste lokale Unternehmen und einige Institute der Universit\u00e4t Siegen &hellip; <\/p>\n<p class=\"link-more\"><a href=\"https:\/\/www.ers-computer.de\/index.php\/ueber-mich\/\" class=\"more-link\"><span class=\"screen-reader-text\">\u201e\u00dcber uns\u201c <\/span>weiterlesen<\/a><\/p>\n","protected":false},"author":1,"featured_media":0,"parent":0,"menu_order":0,"comment_status":"closed","ping_status":"closed","template":"","meta":{"footnotes":""},"class_list":["post-9","page","type-page","status-publish","hentry"],"_links":{"self":[{"href":"https:\/\/www.ers-computer.de\/index.php\/wp-json\/wp\/v2\/pages\/9","targetHints":{"allow":["GET"]}}],"collection":[{"href":"https:\/\/www.ers-computer.de\/index.php\/wp-json\/wp\/v2\/pages"}],"about":[{"href":"https:\/\/www.ers-computer.de\/index.php\/wp-json\/wp\/v2\/types\/page"}],"author":[{"embeddable":true,"href":"https:\/\/www.ers-computer.de\/index.php\/wp-json\/wp\/v2\/users\/1"}],"replies":[{"embeddable":true,"href":"https:\/\/www.ers-computer.de\/index.php\/wp-json\/wp\/v2\/comments?post=9"}],"version-history":[{"count":3,"href":"https:\/\/www.ers-computer.de\/index.php\/wp-json\/wp\/v2\/pages\/9\/revisions"}],"predecessor-version":[{"id":50,"href":"https:\/\/www.ers-computer.de\/index.php\/wp-json\/wp\/v2\/pages\/9\/revisions\/50"}],"wp:attachment":[{"href":"https:\/\/www.ers-computer.de\/index.php\/wp-json\/wp\/v2\/media?parent=9"}],"curies":[{"name":"wp","href":"https:\/\/api.w.org\/{rel}","templated":true}]}}